{"id":2801,"date":"2022-05-11T10:27:39","date_gmt":"2022-05-11T08:27:39","guid":{"rendered":"https:\/\/nova.dorcadental.com\/politica-de-privacitat\/"},"modified":"2022-06-14T18:28:31","modified_gmt":"2022-06-14T16:28:31","slug":"politica-de-privacitat","status":"publish","type":"page","link":"https:\/\/dorcadental.com\/es\/politica-de-privacitat\/","title":{"rendered":"Pol\u00edtica de privacitat"},"content":{"rendered":"\t\t<div data-elementor-type=\"wp-page\" data-elementor-id=\"2801\" class=\"elementor elementor-2801 elementor-1246\" data-elementor-post-type=\"page\">\n\t\t\t\t\t\t<section class=\"elementor-section elementor-top-section elementor-element elementor-element-d8153e9 elementor-section-boxed elementor-section-height-default elementor-section-height-default wpr-particle-no wpr-jarallax-no wpr-parallax-no wpr-sticky-section-no\" data-id=\"d8153e9\" data-element_type=\"section\" data-e-type=\"section\" data-settings=\"{&quot;background_background&quot;:&quot;classic&quot;}\">\n\t\t\t\t\t\t<div class=\"elementor-container elementor-column-gap-default\">\n\t\t\t\t\t<div class=\"elementor-column elementor-col-100 elementor-top-column elementor-element elementor-element-d44e0fb\" data-id=\"d44e0fb\" data-element_type=\"column\" data-e-type=\"column\">\n\t\t\t<div class=\"elementor-widget-wrap elementor-element-populated\">\n\t\t\t\t\t\t<div class=\"elementor-element elementor-element-fdc1ade elementor-widget elementor-widget-spacer\" data-id=\"fdc1ade\" data-element_type=\"widget\" data-e-type=\"widget\" data-widget_type=\"spacer.default\">\n\t\t\t\t<div class=\"elementor-widget-container\">\n\t\t\t\t\t\t\t<div class=\"elementor-spacer\">\n\t\t\t<div class=\"elementor-spacer-inner\"><\/div>\n\t\t<\/div>\n\t\t\t\t\t\t<\/div>\n\t\t\t\t<\/div>\n\t\t\t\t\t<\/div>\n\t\t<\/div>\n\t\t\t\t\t<\/div>\n\t\t<\/section>\n\t\t\t\t<section class=\"elementor-section elementor-top-section elementor-element elementor-element-a3d211f elementor-section-boxed elementor-section-height-default elementor-section-height-default wpr-particle-no wpr-jarallax-no wpr-parallax-no wpr-sticky-section-no\" data-id=\"a3d211f\" data-element_type=\"section\" data-e-type=\"section\" data-settings=\"{&quot;background_background&quot;:&quot;classic&quot;}\">\n\t\t\t\t\t\t<div class=\"elementor-container elementor-column-gap-default\">\n\t\t\t\t\t<div class=\"elementor-column elementor-col-100 elementor-top-column elementor-element elementor-element-53f722a\" data-id=\"53f722a\" data-element_type=\"column\" data-e-type=\"column\">\n\t\t\t<div class=\"elementor-widget-wrap elementor-element-populated\">\n\t\t\t\t\t\t<div class=\"elementor-element elementor-element-10ed19c elementor-widget elementor-widget-text-editor\" data-id=\"10ed19c\" data-element_type=\"widget\" data-e-type=\"widget\" data-widget_type=\"text-editor.default\">\n\t\t\t\t<div class=\"elementor-widget-container\">\n\t\t\t\t\t\t\t\t\t<p>Pol\u00edtica de privacitat<\/p>\t\t\t\t\t\t\t\t<\/div>\n\t\t\t\t<\/div>\n\t\t\t\t\t<\/div>\n\t\t<\/div>\n\t\t\t\t\t<\/div>\n\t\t<\/section>\n\t\t\t\t<section class=\"elementor-section elementor-top-section elementor-element elementor-element-d25b1ee elementor-section-boxed elementor-section-height-default elementor-section-height-default wpr-particle-no wpr-jarallax-no wpr-parallax-no wpr-sticky-section-no\" data-id=\"d25b1ee\" data-element_type=\"section\" data-e-type=\"section\" data-settings=\"{&quot;background_background&quot;:&quot;classic&quot;}\">\n\t\t\t\t\t\t<div class=\"elementor-container elementor-column-gap-default\">\n\t\t\t\t\t<div class=\"elementor-column elementor-col-100 elementor-top-column elementor-element elementor-element-ac184c7\" data-id=\"ac184c7\" data-element_type=\"column\" data-e-type=\"column\">\n\t\t\t<div class=\"elementor-widget-wrap elementor-element-populated\">\n\t\t\t\t\t\t<div class=\"elementor-element elementor-element-ad747fa elementor-widget-divider--view-line elementor-invisible elementor-widget elementor-widget-divider\" data-id=\"ad747fa\" data-element_type=\"widget\" data-e-type=\"widget\" data-settings=\"{&quot;_animation&quot;:&quot;zoomIn&quot;}\" data-widget_type=\"divider.default\">\n\t\t\t\t<div class=\"elementor-widget-container\">\n\t\t\t\t\t\t\t<div class=\"elementor-divider\">\n\t\t\t<span class=\"elementor-divider-separator\">\n\t\t\t\t\t\t<\/span>\n\t\t<\/div>\n\t\t\t\t\t\t<\/div>\n\t\t\t\t<\/div>\n\t\t\t\t\t<\/div>\n\t\t<\/div>\n\t\t\t\t\t<\/div>\n\t\t<\/section>\n\t\t\t\t<section class=\"elementor-section elementor-top-section elementor-element elementor-element-56a3e91 elementor-section-boxed elementor-section-height-default elementor-section-height-default wpr-particle-no wpr-jarallax-no wpr-parallax-no wpr-sticky-section-no\" data-id=\"56a3e91\" data-element_type=\"section\" data-e-type=\"section\" data-settings=\"{&quot;background_background&quot;:&quot;classic&quot;}\">\n\t\t\t\t\t\t\t<div class=\"elementor-background-overlay\"><\/div>\n\t\t\t\t\t\t\t<div class=\"elementor-container elementor-column-gap-default\">\n\t\t\t\t\t<div class=\"elementor-column elementor-col-100 elementor-top-column elementor-element elementor-element-76d96f5\" data-id=\"76d96f5\" data-element_type=\"column\" data-e-type=\"column\">\n\t\t\t<div class=\"elementor-widget-wrap\">\n\t\t\t\t\t\t\t<\/div>\n\t\t<\/div>\n\t\t\t\t\t<\/div>\n\t\t<\/section>\n\t\t\t\t<section class=\"elementor-section elementor-top-section elementor-element elementor-element-11e19b7 elementor-section-boxed elementor-section-height-default elementor-section-height-default wpr-particle-no wpr-jarallax-no wpr-parallax-no wpr-sticky-section-no\" data-id=\"11e19b7\" data-element_type=\"section\" data-e-type=\"section\" data-settings=\"{&quot;background_background&quot;:&quot;classic&quot;}\">\n\t\t\t\t\t\t\t<div class=\"elementor-background-overlay\"><\/div>\n\t\t\t\t\t\t\t<div class=\"elementor-container elementor-column-gap-default\">\n\t\t\t\t\t<div class=\"elementor-column elementor-col-100 elementor-top-column elementor-element elementor-element-132e865\" data-id=\"132e865\" data-element_type=\"column\" data-e-type=\"column\">\n\t\t\t<div class=\"elementor-widget-wrap elementor-element-populated\">\n\t\t\t\t\t\t<div class=\"elementor-element elementor-element-6d9ffcc elementor-widget elementor-widget-text-editor\" data-id=\"6d9ffcc\" data-element_type=\"widget\" data-e-type=\"widget\" data-widget_type=\"text-editor.default\">\n\t\t\t\t<div class=\"elementor-widget-container\">\n\t\t\t\t\t\t\t\t\t<div title=\"Page 1\"><div title=\"Page 1\"><p><strong>Responsable del tractament de les dades:<\/strong> ELENA DORCA GARCIA<br><strong>Finalitat del tractament:<\/strong> Gesti\u00f3 comercial i administrativa de productes, serveis o informaci\u00f3 sol\u00b7licitada.<br><strong>Legitimaci\u00f3 del tractament:<\/strong> Consentiment de l\u2019interessat per gestionar els productes, serveis o informaci\u00f3 sol\u00b7licitada.<br><strong>Destinataris:<\/strong> Les dades que ens faciliti seran incorporades a la base de dades de ELENA DORCA GARCIA. No seran cedides a tercers.<br><strong>Drets:<\/strong> Accedir, rectificar i suprimir les seves dades, aix\u00ed com els altres drets previstos per la normativa vigent. Pot exercir els seus drets al seg\u00fcent enlla\u00e7: <span style=\"color: #7c9ac0;\"><strong><a style=\"color: #7c9ac0;\" href=\"https:\/\/www.dorcadental.com\/drets\" target=\"_blank\" rel=\"noopener\">Exerceix els teus Drets<\/a><\/strong><\/span>. Si desitja m\u00e9s informaci\u00f3, consulti la nostra <span style=\"color: #7c9ac0;\"><strong><a style=\"color: #7c9ac0;\" href=\"https:\/\/www.dorcadental.com\/privacitat\" target=\"_blank\" rel=\"noopener\">Pol\u00edtica de Privacitat<\/a><\/strong><\/span> i la nostra <a href=\"https:\/\/www.dorcadental.com\/politica-de-cookies\" target=\"_blank\" rel=\"noopener\"><strong><span style=\"color: #7c9ac0;\">Pol\u00edtica de Cookies<\/span><\/strong><\/a>.<br><strong>Reclamacions davant l\u2019Autoritat de protecci\u00f3 de dades:<\/strong> Pot dirigir les reclamacions derivades del tractament de les seves dades de car\u00e0cter personal a l\u2019Ag\u00e8ncia Espanyola de Protecci\u00f3 de Dades (<a href=\"http:\/\/www.agpd.es\/\" target=\"_blank\" rel=\"noopener\"><strong><span style=\"color: #7c9ac0;\">www.agpd.es<\/span><\/strong><\/a>).<\/p><\/div><\/div>\t\t\t\t\t\t\t\t<\/div>\n\t\t\t\t<\/div>\n\t\t\t\t\t<\/div>\n\t\t<\/div>\n\t\t\t\t\t<\/div>\n\t\t<\/section>\n\t\t\t\t<section class=\"elementor-section elementor-top-section elementor-element elementor-element-cca5b69 elementor-section-boxed elementor-section-height-default elementor-section-height-default wpr-particle-no wpr-jarallax-no wpr-parallax-no wpr-sticky-section-no\" data-id=\"cca5b69\" data-element_type=\"section\" data-e-type=\"section\" data-settings=\"{&quot;background_background&quot;:&quot;classic&quot;}\">\n\t\t\t\t\t\t<div class=\"elementor-container elementor-column-gap-default\">\n\t\t\t\t\t<div class=\"elementor-column elementor-col-100 elementor-top-column elementor-element elementor-element-f1926cd\" data-id=\"f1926cd\" data-element_type=\"column\" data-e-type=\"column\">\n\t\t\t<div class=\"elementor-widget-wrap elementor-element-populated\">\n\t\t\t\t\t\t<div class=\"elementor-element elementor-element-45af7af elementor-widget elementor-widget-spacer\" data-id=\"45af7af\" data-element_type=\"widget\" data-e-type=\"widget\" data-widget_type=\"spacer.default\">\n\t\t\t\t<div class=\"elementor-widget-container\">\n\t\t\t\t\t\t\t<div class=\"elementor-spacer\">\n\t\t\t<div class=\"elementor-spacer-inner\"><\/div>\n\t\t<\/div>\n\t\t\t\t\t\t<\/div>\n\t\t\t\t<\/div>\n\t\t\t\t\t<\/div>\n\t\t<\/div>\n\t\t\t\t\t<\/div>\n\t\t<\/section>\n\t\t\t\t<\/div>\n\t\t","protected":false},"excerpt":{"rendered":"<p>Pol\u00edtica de privacitat Responsable del tractament de les dades: ELENA DORCA GARCIAFinalitat del tractament: Gesti\u00f3 comercial i administrativa de productes, serveis o informaci\u00f3 sol\u00b7licitada.Legitimaci\u00f3 del tractament: Consentiment de l\u2019interessat per gestionar els productes, serveis o informaci\u00f3 sol\u00b7licitada.Destinataris: Les dades que ens faciliti seran incorporades a la base de dades de ELENA DORCA GARCIA. No seran cedides a tercers.Drets: Accedir, rectificar i suprimir les seves dades, aix\u00ed com els altres drets previstos per la normativa vigent. Pot exercir els seus drets al seg\u00fcent enlla\u00e7: Exerceix els teus Drets. Si desitja m\u00e9s informaci\u00f3, consulti la nostra Pol\u00edtica de Privacitat i la nostra Pol\u00edtica de Cookies.Reclamacions davant l\u2019Autoritat de protecci\u00f3 de dades: Pot dirigir les reclamacions derivades del tractament de les seves dades de car\u00e0cter personal a l\u2019Ag\u00e8ncia Espanyola de Protecci\u00f3 de Dades (www.agpd.es).<\/p>\n","protected":false},"author":1,"featured_media":0,"parent":0,"menu_order":0,"comment_status":"closed","ping_status":"closed","template":"elementor_header_footer","meta":{"footnotes":""},"class_list":["post-2801","page","type-page","status-publish","hentry"],"yoast_head":"<!-- This site is optimized with the Yoast SEO plugin v27.3 - https:\/\/yoast.com\/product\/yoast-seo-wordpress\/ -->\n<title>Pol\u00edtica de privacitat - Dorca dental<\/title>\n<meta name=\"robots\" content=\"index, follow, max-snippet:-1, max-image-preview:large, max-video-preview:-1\" \/>\n<link rel=\"canonical\" href=\"https:\/\/dorcadental.com\/es\/politica-de-privacitat\/\" \/>\n<meta property=\"og:locale\" content=\"es_ES\" \/>\n<meta property=\"og:type\" content=\"article\" \/>\n<meta property=\"og:title\" content=\"Pol\u00edtica de privacitat - Dorca dental\" \/>\n<meta property=\"og:description\" content=\"Pol\u00edtica de privacitat Responsable del tractament de les dades: ELENA DORCA GARCIAFinalitat del tractament: Gesti\u00f3 comercial i administrativa de productes, serveis o informaci\u00f3 sol\u00b7licitada.Legitimaci\u00f3 del tractament: Consentiment de l\u2019interessat per gestionar els productes, serveis o informaci\u00f3 sol\u00b7licitada.Destinataris: Les dades que ens faciliti seran incorporades a la base de dades de ELENA DORCA GARCIA. No seran cedides a tercers.Drets: Accedir, rectificar i suprimir les seves dades, aix\u00ed com els altres drets previstos per la normativa vigent. Pot exercir els seus drets al seg\u00fcent enlla\u00e7: Exerceix els teus Drets. Si desitja m\u00e9s informaci\u00f3, consulti la nostra Pol\u00edtica de Privacitat i la nostra Pol\u00edtica de Cookies.Reclamacions davant l\u2019Autoritat de protecci\u00f3 de dades: Pot dirigir les reclamacions derivades del tractament de les seves dades de car\u00e0cter personal a l\u2019Ag\u00e8ncia Espanyola de Protecci\u00f3 de Dades (www.agpd.es).\" \/>\n<meta property=\"og:url\" content=\"https:\/\/dorcadental.com\/es\/politica-de-privacitat\/\" \/>\n<meta property=\"og:site_name\" content=\"Dorca dental\" \/>\n<meta property=\"article:publisher\" content=\"https:\/\/www.facebook.com\/dorcadental\" \/>\n<meta property=\"article:modified_time\" content=\"2022-06-14T16:28:31+00:00\" \/>\n<meta name=\"twitter:card\" content=\"summary_large_image\" \/>\n<meta name=\"twitter:label1\" content=\"Tiempo de lectura\" \/>\n\t<meta name=\"twitter:data1\" content=\"1 minuto\" \/>\n<script type=\"application\/ld+json\" class=\"yoast-schema-graph\">{\"@context\":\"https:\\\/\\\/schema.org\",\"@graph\":[{\"@type\":\"WebPage\",\"@id\":\"https:\\\/\\\/dorcadental.com\\\/es\\\/politica-de-privacitat\\\/\",\"url\":\"https:\\\/\\\/dorcadental.com\\\/es\\\/politica-de-privacitat\\\/\",\"name\":\"Pol\u00edtica de privacitat - Dorca dental\",\"isPartOf\":{\"@id\":\"https:\\\/\\\/dorcadental.com\\\/es\\\/#website\"},\"datePublished\":\"2022-05-11T08:27:39+00:00\",\"dateModified\":\"2022-06-14T16:28:31+00:00\",\"breadcrumb\":{\"@id\":\"https:\\\/\\\/dorcadental.com\\\/es\\\/politica-de-privacitat\\\/#breadcrumb\"},\"inLanguage\":\"es\",\"potentialAction\":[{\"@type\":\"ReadAction\",\"target\":[\"https:\\\/\\\/dorcadental.com\\\/es\\\/politica-de-privacitat\\\/\"]}]},{\"@type\":\"BreadcrumbList\",\"@id\":\"https:\\\/\\\/dorcadental.com\\\/es\\\/politica-de-privacitat\\\/#breadcrumb\",\"itemListElement\":[{\"@type\":\"ListItem\",\"position\":1,\"name\":\"Inici\",\"item\":\"https:\\\/\\\/dorcadental.com\\\/es\\\/\"},{\"@type\":\"ListItem\",\"position\":2,\"name\":\"Pol\u00edtica de privacitat\"}]},{\"@type\":\"WebSite\",\"@id\":\"https:\\\/\\\/dorcadental.com\\\/es\\\/#website\",\"url\":\"https:\\\/\\\/dorcadental.com\\\/es\\\/\",\"name\":\"Dorca dental\",\"description\":\"La teva cl\u00ednica dental a Banyoles\",\"publisher\":{\"@id\":\"https:\\\/\\\/dorcadental.com\\\/es\\\/#organization\"},\"potentialAction\":[{\"@type\":\"SearchAction\",\"target\":{\"@type\":\"EntryPoint\",\"urlTemplate\":\"https:\\\/\\\/dorcadental.com\\\/es\\\/?s={search_term_string}\"},\"query-input\":{\"@type\":\"PropertyValueSpecification\",\"valueRequired\":true,\"valueName\":\"search_term_string\"}}],\"inLanguage\":\"es\"},{\"@type\":\"Organization\",\"@id\":\"https:\\\/\\\/dorcadental.com\\\/es\\\/#organization\",\"name\":\"Dorca dental\",\"url\":\"https:\\\/\\\/dorcadental.com\\\/es\\\/\",\"logo\":{\"@type\":\"ImageObject\",\"inLanguage\":\"es\",\"@id\":\"https:\\\/\\\/dorcadental.com\\\/es\\\/#\\\/schema\\\/logo\\\/image\\\/\",\"url\":\"https:\\\/\\\/dorcadental.com\\\/wp-content\\\/uploads\\\/2022\\\/04\\\/dorca-dental-logo-25.svg\",\"contentUrl\":\"https:\\\/\\\/dorcadental.com\\\/wp-content\\\/uploads\\\/2022\\\/04\\\/dorca-dental-logo-25.svg\",\"width\":245,\"height\":76,\"caption\":\"Dorca dental\"},\"image\":{\"@id\":\"https:\\\/\\\/dorcadental.com\\\/es\\\/#\\\/schema\\\/logo\\\/image\\\/\"},\"sameAs\":[\"https:\\\/\\\/www.facebook.com\\\/dorcadental\",\"https:\\\/\\\/www.instagram.com\\\/dorcadental\\\/\"]}]}<\/script>\n<!-- \/ Yoast SEO plugin. -->","yoast_head_json":{"title":"Pol\u00edtica de privacitat - Dorca dental","robots":{"index":"index","follow":"follow","max-snippet":"max-snippet:-1","max-image-preview":"max-image-preview:large","max-video-preview":"max-video-preview:-1"},"canonical":"https:\/\/dorcadental.com\/es\/politica-de-privacitat\/","og_locale":"es_ES","og_type":"article","og_title":"Pol\u00edtica de privacitat - Dorca dental","og_description":"Pol\u00edtica de privacitat Responsable del tractament de les dades: ELENA DORCA GARCIAFinalitat del tractament: Gesti\u00f3 comercial i administrativa de productes, serveis o informaci\u00f3 sol\u00b7licitada.Legitimaci\u00f3 del tractament: Consentiment de l\u2019interessat per gestionar els productes, serveis o informaci\u00f3 sol\u00b7licitada.Destinataris: Les dades que ens faciliti seran incorporades a la base de dades de ELENA DORCA GARCIA. No seran cedides a tercers.Drets: Accedir, rectificar i suprimir les seves dades, aix\u00ed com els altres drets previstos per la normativa vigent. Pot exercir els seus drets al seg\u00fcent enlla\u00e7: Exerceix els teus Drets. Si desitja m\u00e9s informaci\u00f3, consulti la nostra Pol\u00edtica de Privacitat i la nostra Pol\u00edtica de Cookies.Reclamacions davant l\u2019Autoritat de protecci\u00f3 de dades: Pot dirigir les reclamacions derivades del tractament de les seves dades de car\u00e0cter personal a l\u2019Ag\u00e8ncia Espanyola de Protecci\u00f3 de Dades (www.agpd.es).","og_url":"https:\/\/dorcadental.com\/es\/politica-de-privacitat\/","og_site_name":"Dorca dental","article_publisher":"https:\/\/www.facebook.com\/dorcadental","article_modified_time":"2022-06-14T16:28:31+00:00","twitter_card":"summary_large_image","twitter_misc":{"Tiempo de lectura":"1 minuto"},"schema":{"@context":"https:\/\/schema.org","@graph":[{"@type":"WebPage","@id":"https:\/\/dorcadental.com\/es\/politica-de-privacitat\/","url":"https:\/\/dorcadental.com\/es\/politica-de-privacitat\/","name":"Pol\u00edtica de privacitat - Dorca dental","isPartOf":{"@id":"https:\/\/dorcadental.com\/es\/#website"},"datePublished":"2022-05-11T08:27:39+00:00","dateModified":"2022-06-14T16:28:31+00:00","breadcrumb":{"@id":"https:\/\/dorcadental.com\/es\/politica-de-privacitat\/#breadcrumb"},"inLanguage":"es","potentialAction":[{"@type":"ReadAction","target":["https:\/\/dorcadental.com\/es\/politica-de-privacitat\/"]}]},{"@type":"BreadcrumbList","@id":"https:\/\/dorcadental.com\/es\/politica-de-privacitat\/#breadcrumb","itemListElement":[{"@type":"ListItem","position":1,"name":"Inici","item":"https:\/\/dorcadental.com\/es\/"},{"@type":"ListItem","position":2,"name":"Pol\u00edtica de privacitat"}]},{"@type":"WebSite","@id":"https:\/\/dorcadental.com\/es\/#website","url":"https:\/\/dorcadental.com\/es\/","name":"Dorca dental","description":"La teva cl\u00ednica dental a Banyoles","publisher":{"@id":"https:\/\/dorcadental.com\/es\/#organization"},"potentialAction":[{"@type":"SearchAction","target":{"@type":"EntryPoint","urlTemplate":"https:\/\/dorcadental.com\/es\/?s={search_term_string}"},"query-input":{"@type":"PropertyValueSpecification","valueRequired":true,"valueName":"search_term_string"}}],"inLanguage":"es"},{"@type":"Organization","@id":"https:\/\/dorcadental.com\/es\/#organization","name":"Dorca dental","url":"https:\/\/dorcadental.com\/es\/","logo":{"@type":"ImageObject","inLanguage":"es","@id":"https:\/\/dorcadental.com\/es\/#\/schema\/logo\/image\/","url":"https:\/\/dorcadental.com\/wp-content\/uploads\/2022\/04\/dorca-dental-logo-25.svg","contentUrl":"https:\/\/dorcadental.com\/wp-content\/uploads\/2022\/04\/dorca-dental-logo-25.svg","width":245,"height":76,"caption":"Dorca dental"},"image":{"@id":"https:\/\/dorcadental.com\/es\/#\/schema\/logo\/image\/"},"sameAs":["https:\/\/www.facebook.com\/dorcadental","https:\/\/www.instagram.com\/dorcadental\/"]}]}},"_links":{"self":[{"href":"https:\/\/dorcadental.com\/es\/wp-json\/wp\/v2\/pages\/2801","targetHints":{"allow":["GET"]}}],"collection":[{"href":"https:\/\/dorcadental.com\/es\/wp-json\/wp\/v2\/pages"}],"about":[{"href":"https:\/\/dorcadental.com\/es\/wp-json\/wp\/v2\/types\/page"}],"author":[{"embeddable":true,"href":"https:\/\/dorcadental.com\/es\/wp-json\/wp\/v2\/users\/1"}],"replies":[{"embeddable":true,"href":"https:\/\/dorcadental.com\/es\/wp-json\/wp\/v2\/comments?post=2801"}],"version-history":[{"count":0,"href":"https:\/\/dorcadental.com\/es\/wp-json\/wp\/v2\/pages\/2801\/revisions"}],"wp:attachment":[{"href":"https:\/\/dorcadental.com\/es\/wp-json\/wp\/v2\/media?parent=2801"}],"curies":[{"name":"wp","href":"https:\/\/api.w.org\/{rel}","templated":true}]}}